{"id":2176,"date":"2025-01-21T13:29:52","date_gmt":"2025-01-21T12:29:52","guid":{"rendered":"https:\/\/inmobiliariaibiza.tunuevapagina.com\/datenschutzbestimmungen\/"},"modified":"2025-05-15T10:21:40","modified_gmt":"2025-05-15T08:21:40","slug":"datenschutzbestimmungen","status":"publish","type":"page","link":"https:\/\/inmobiliaria-ibiza.com\/de\/datenschutzbestimmungen\/","title":{"rendered":"Datenschutzbestimmungen"},"content":{"rendered":"\t\t<div data-elementor-type=\"wp-page\" data-elementor-id=\"2176\" class=\"elementor elementor-2176 elementor-589\" data-elementor-post-type=\"page\">\n\t\t\t\t<div class=\"elementor-element elementor-element-441b4ec e-flex e-con-boxed e-con e-parent\" data-id=\"441b4ec\" data-element_type=\"container\" data-e-type=\"container\" data-settings=\"{&quot;background_background&quot;:&quot;classic&quot;}\">\n\t\t\t\t\t<div class=\"e-con-inner\">\n\t\t\t\t<div class=\"elementor-element elementor-element-c121463 elementor-invisible elementor-widget elementor-widget-heading\" data-id=\"c121463\" data-element_type=\"widget\" data-e-type=\"widget\" data-settings=\"{&quot;_animation&quot;:&quot;fadeInUp&quot;}\" data-widget_type=\"heading.default\">\n\t\t\t\t\t<h1 class=\"elementor-heading-title elementor-size-default\">Datenschutzbestimmungen<\/h1>\t\t\t\t<\/div>\n\t\t\t\t\t<\/div>\n\t\t\t\t<\/div>\n\t\t<div class=\"elementor-element elementor-element-00c8b7f e-flex e-con-boxed e-con e-parent\" data-id=\"00c8b7f\" data-element_type=\"container\" data-e-type=\"container\">\n\t\t\t\t\t<div class=\"e-con-inner\">\n\t\t\t\t<div class=\"elementor-element elementor-element-6dba8fa elementor-widget elementor-widget-text-editor\" data-id=\"6dba8fa\" data-element_type=\"widget\" data-e-type=\"widget\" data-widget_type=\"text-editor.default\">\n\t\t\t\t\t\t\t\t\t<p><strong>Stakeholder: Privatkunden, Mitarbeiter, Fachleute und Unternehmensvertreter.<\/strong><\/p><h2>Behandlungen<\/h2><p><strong>Wie verarbeiten wir Ihre pers\u00f6nlichen Daten?<\/strong><\/p><p>In \u00dcbereinstimmung mit der Verordnung (EU) 2016\/679 und dem Organgesetz zum Schutz personenbezogener Daten informieren wir Sie dar\u00fcber, dass Ihre personenbezogenen Daten einigen der folgenden Verarbeitungen unterzogen werden k\u00f6nnen:<\/p><ul><li>TR04 &#8211; Werbekampagnen (Rechtsgrundlage: Ley 34\/1988, de 11 de noviembre, General de Publicidad.)<\/li><li>TR08 &#8211; Einholung der Meinung der betroffenen Personen (Rechtsgrundlage: Datenschutzverordnung (EU) 2016\/679 und LOPD).<\/li><li>TR03 &#8211; Auswahl des eigenen Personals (Rechtsgrundlage: Real Decreto Legislativo 3\/2015, de 23 de octubre, por el que se aprueba el texto refundido de la ley de Empleo.)<\/li><li>TG01 &#8211; Eigene F\u00fchrung der Buchhaltung und des Rechnungswesens, als Verantwortlicher (Rechtsgrundlage: Real Decreto 1514\/2007, de 16 de Noviembre, por el que se regula el Plan General Contable). <\/li><li>TG25 &#8211; Erhebung von Daten f\u00fcr die eigene Steuerverwaltung (Rechtsgrundlage: Ley 58\/2003, de 17 de 17 de diciembre, General Tributaria.)<\/li><li>TG12 &#8211; Eigene Arbeitsverwaltung: Datenerhebung (Rechtsgrundlage: Real Decreto Legislativo 1\/1994, de 20 de junio, por el que se aprueba el Texto Refundido de la Ley General de la Seguridad Social.)<\/li><li>TR09 &#8211; Zusicherungen zu technischen und organisatorischen Ma\u00dfnahmen in der verwendeten Software (Rechtsgrundlage: Datenschutzverordnung (EU) 2016\/679 und LOPD).<\/li><li>TE08 &#8211; Schutz personenbezogener Daten (Rechtsgrundlage: Verordnung (EU) 2016\/679 und Organgesetz 3\/2018).<\/li><li>TE02 &#8211; Verh\u00fctung berufsbedingter Gefahren (Rechtsgrundlage: Gesetz 31\/1995, vom 8. November, \u00fcber die Verh\u00fctung berufsbedingter Gefahren).<\/li><li>TE07 &#8211; Vernichtung von Dokumenten (Rechtsgrundlage: Verordnung (EU) 2016\/679)<\/li><li>TV01 &#8211; Verkauf \/ Erbringung von Dienstleistungen (Rechtsgrundlage: Handels- und Steuergesetzgebung)<\/li><li>TE03 &#8211; Transport- und\/oder Paketzustelldienst (Rechtsgrundlage: Real Decreto de 22 de agosto de 1885 por el que se publica el C\u00f3digo de Comercio).<\/li><li>TR05 &#8211; Elektronische Post (Rechtsgrundlage: Handelsgesetzbuch und andere anwendbare Gesetze).<\/li><li>TR01 &#8211; Erhaltene Auskunftsersuchen (Rechtsgrundlage: Handelsgesetzbuch und andere Handelsbestimmungen).<\/li><li>TR07 &#8211; Management von Vorf\u00e4llen und\/oder Sicherheitsverletzungen (Rechtsgrundlage: Datenschutzverordnung (EU) 2016\/679 und LOPD).<\/li><li>TE04 &#8211; Verwaltung der eigenen Rechtsangelegenheiten (Rechtsgrundlage: anwendbares Handels- und Arbeitsrecht).<\/li><li>TE01 &#8211; Wartung von IT-Systemen (Rechtsgrundlage: Handelsgesetzbuch.)<\/li><\/ul><h2>Verantwortlich<\/h2><p><strong>Wer sind wir?<\/strong><\/p><p>Wir sind f\u00fcr die Verarbeitung Ihrer Daten verantwortlich. Daher informieren wir sowohl die betroffenen Personen als auch die zust\u00e4ndigen Stellen ausdr\u00fccklich, pr\u00e4zise und unmissverst\u00e4ndlich \u00fcber die folgenden Aspekte bez\u00fcglich des f\u00fcr die Datenverarbeitung Verantwortlichen: <\/p><ul><li>DESTRO, GRAZIELLA<\/li><li>Y3446514R<\/li><li>Calle Arag\u00f3, 23. IBIZA &#8211; 07800. ILLES BALEARS  <\/li><li>DPD: FORMACI\u00d3N Y CERTIFICACI\u00d3N DE DELEGADOS DE PROTECCI\u00d3N DE DATOS, S.L., NIF: B73982266(dpd@gruposmz.es)<\/li><\/ul><h2>Verwendungszwecke<\/h2><p><strong>Wof\u00fcr verwenden wir Ihre pers\u00f6nlichen Daten?<\/strong><\/p><p>Innerhalb dieser Organisation d\u00fcrfen wir Ihre personenbezogenen Daten ausschlie\u00dflich zu den unten aufgef\u00fchrten Zwecken verarbeiten:<\/p><ul><li>\u00dcberpr\u00fcfen Sie, ob alle technischen Ma\u00dfnahmen, die f\u00fcr die korrekte Verwaltung personenbezogener Daten erforderlich sind, mit der eingesetzten Software durchgef\u00fchrt werden.<\/li><li>Versenden von kommerziellen und\/oder werblichen Informationen per E-Mail.<\/li><li>Verwaltung von Informationsanfragen, die der Interessent \u00fcber unsere Produkte oder Dienstleistungen erh\u00e4lt.<\/li><li>Ausschlie\u00dfliches Management interner Vorf\u00e4lle, die in \u00dcbereinstimmung mit den Anforderungen der GDPR festgestellt wurden.<\/li><li>Zur Durchf\u00fchrung von Werbekampagnen, um unsere Dienstleistungen und\/oder Produkte bekannt zu machen.<\/li><li>Sammeln Sie Feedback von Interessengruppen.<\/li><li>Rekrutierung von Personal, um die notwendigen Stellen zu besetzen.<\/li><li>Erf\u00fcllen Sie alle Anforderungen, die im Gesetz zur Verh\u00fctung berufsbedingter Risiken festgelegt sind.<\/li><li>Versenden von Paketen und Korrespondenz.<\/li><li>Bearbeitung aller rechtlichen Probleme, die das Unternehmen betreffen.<\/li><li>Verwalten, warten und reparieren Sie Computerspeichersysteme.<\/li><li>Ma\u00dfnahmen zur Durchf\u00fchrung des eigenen Arbeitsmanagements.<\/li><li>Ma\u00dfnahmen zur eigenen Steuer- und Buchhaltungsverwaltung.<\/li><li>Halten Sie den Grundsatz der Begrenzung der Aufbewahrungsfrist f\u00fcr personenbezogene Daten ein.<\/li><li>Einhaltung der Anforderungen der Verordnung (EU) 2016\/679 und des Organgesetzes 3\/2018.<\/li><li>Administrative Verwaltung von Privatkunden.<\/li><li>Durchf\u00fchrung des Verkaufs oder der Erbringung der vertraglich vereinbarten Dienstleistung<\/li><\/ul><p>Auf der Grundlage der bereitgestellten oder eingeholten Informationen kann ein Gesch\u00e4fts- oder Nutzerprofil erstellt werden. Wir weisen Sie ausdr\u00fccklich darauf hin, dass unter keinen Umst\u00e4nden Profile mit den Daten eines Minderj\u00e4hrigen erstellt werden. <\/p><p>Die von Ihnen zur Verf\u00fcgung gestellten personenbezogenen Daten werden f\u00fcr die Dauer des Vertragsverh\u00e4ltnisses oder gegebenenfalls so lange gespeichert, bis Sie von Ihrem Widerspruchsrecht Gebrauch machen oder Ihre Einwilligung widerrufen. Dazu k\u00f6nnen Sie den entsprechenden Abschnitt auf unserer Website aufrufen oder eine E-Mail an die im Abschnitt \u00fcber den Verantwortlichen angegebene Adresse senden. <\/p><h2>Legitimit\u00e4t<\/h2><p><strong>Warum verwenden wir sie? Wir sind berechtigt, Ihre personenbezogenen Daten aus den folgenden Gr\u00fcnden zu verarbeiten: <\/strong><\/p><ul><li>Ihre unmissverst\u00e4ndliche, in Kenntnis der Sachlage erteilte und ausdr\u00fcckliche Zustimmung in den F\u00e4llen, in denen sie gesetzlich vorgeschrieben ist, ohne dass der Widerruf dieser Zustimmung in jedem Fall die Durchf\u00fchrung einer anderen Verarbeitung bedingt, deren Legitimit\u00e4t anders ist, und ohne dass ein solcher Widerruf die Rechtm\u00e4\u00dfigkeit der Verarbeitung vor dem Widerruf dieser Zustimmung ber\u00fchrt.<\/li><li>Eine gesetzliche Verpflichtung des f\u00fcr die Verarbeitung Verantwortlichen.<\/li><li>Die Erf\u00fcllung des von Ihnen abgeschlossenen Vertrags \u00fcber die Erbringung von Dienstleistungen und\/oder den Kauf und Verkauf der entsprechenden Produkte.<\/li><li>Die Rechtsgrundlage f\u00fcr die Verarbeitung Ihrer Daten ist ein berechtigtes Interesse des f\u00fcr die Verarbeitung Verantwortlichen. Dieses Interesse beruht auf der vorherigen Durchf\u00fchrung einer Verh\u00e4ltnism\u00e4\u00dfigkeits- oder Abw\u00e4gungspr\u00fcfung zwischen dem berechtigten Interesse des f\u00fcr die Verarbeitung Verantwortlichen und den Interessen oder Rechten und Freiheiten der betroffenen Personen. Diese Abw\u00e4gung umfasst die Bewertung des Interesses, die Bewertung der Auswirkungen der Verarbeitung auf die betroffenen Personen, die Abw\u00e4gung zwischen den beiden Konzepten und die Einf\u00fchrung zus\u00e4tzlicher Garantien. F\u00e4llt die abschlie\u00dfende Abw\u00e4gung zugunsten des f\u00fcr die Verarbeitung Verantwortlichen aus, kann die Verarbeitung im Einklang mit den geltenden Vorschriften zum Schutz personenbezogener Daten durchgef\u00fchrt werden.     <\/li><\/ul><p>Wenn Sie Zweifel oder Fragen haben, k\u00f6nnen Sie uns \u00fcber die E-Mail-Adresse kontaktieren, die in dem Abschnitt angegeben ist, der dem f\u00fcr die Datenverarbeitung Verantwortlichen entspricht.<\/p><h2>Adressaten<\/h2><p><strong>Mit wem d\u00fcrfen wir Ihre pers\u00f6nlichen Daten teilen?<\/strong><\/p><p>Ihre pers\u00f6nlichen Daten werden an die folgenden Unternehmen und Organisationen weitergegeben:<\/p><ul><li>Finanzamt<\/li><li>Staatliche Arbeitsverwaltung<\/li><li>Allgemeines Schatzamt der Sozialversicherung<\/li><li>Nationale Agentur f\u00fcr Datenschutz<\/li><li>Banken und Sparkassen<\/li><\/ul><p>Ihre pers\u00f6nlichen Daten werden nicht an ein Drittland oder eine internationale Organisation weitergegeben.<\/p><h2>Quellen<\/h2><p><strong>Welche Daten verarbeiten wir und wie haben wir sie erhoben?<\/strong><\/p><p>Ihre pers\u00f6nlichen Daten werden in den folgenden Dateien gespeichert, die sich im Besitz der Organisation befinden:<\/p><ul><li>FG01 Eigene Verwaltung der Buchhaltung<\/li><li>FG02 Eigenes Arbeitsmanagement<\/li><li>FG15 Eigene Steuerverwaltung. Datenerhebung <\/li><li>FE01 Wartung von Computern<\/li><li>FE02 Vorbeugung von Gefahren am Arbeitsplatz<\/li><li>FE03 Transport und Versand<\/li><li>FE04 Eigene Rechtsangelegenheiten<\/li><li>FR01 Erhaltene Informationsanfragen<\/li><li>FR03 Anwerbung von eigenem Personal<\/li><li>FR04 Werbekampagnen<\/li><li>FR05-E-Mails<\/li><li>FR07 Management von Sicherheitsvorf\u00e4llen und\/oder Sicherheitsverletzungen<\/li><li>FR08 Feedback von Stakeholdern einholen<\/li><li>FR09 Software- und Hardware-Sicherheit<\/li><li>FE07 Vernichtung von Dokumenten<\/li><li>FE08 Schutz pers\u00f6nlicher Daten<\/li><li>FP01 Kunden<\/li><\/ul><p>Die personenbezogenen Daten, die wir in unserer Organisation verarbeiten, stammen aus den folgenden Quellen:<\/p><ul><li>Der Interessent selbst<\/li><\/ul><h2>Rechte<\/h2><p><strong>Welche Rechte k\u00f6nnen Sie wahrnehmen?<\/strong><\/p><p>Wir garantieren Ihnen die Aus\u00fcbung Ihrer Rechte in Bezug auf die Verarbeitung Ihrer pers\u00f6nlichen Daten.<\/p><p>Insbesondere informieren wir Sie dar\u00fcber, dass Sie das Recht haben:<\/p><ul><li>Erhalten Sie eine Best\u00e4tigung, ob Ihre Daten verarbeitet werden.<\/li><li>Machen Sie von Ihrem Recht auf Auskunft \u00fcber die von uns gespeicherten personenbezogenen Daten Gebrauch und erhalten Sie Informationen \u00fcber die Zwecke der Verarbeitung, die Kategorie der verarbeiteten Daten, die m\u00f6glichen Empf\u00e4nger, die Speicherdauer, die Herkunft der Daten und gegebenenfalls \u00fcber Profiling oder automatisierte Entscheidungsfindung.<\/li><li>Machen Sie von Ihrem Recht auf Berichtigung Gebrauch. Zu diesem Zweck erinnern wir Sie daran, dass die von uns gespeicherten personenbezogenen Daten immer der Realit\u00e4t entsprechen m\u00fcssen. Z\u00f6gern Sie also nicht, von Ihrem Recht Gebrauch zu machen, wenn Daten ge\u00e4ndert, erg\u00e4nzt oder gel\u00f6scht werden. Sie garantieren, dass die pers\u00f6nlichen Daten, die Sie uns in irgendeiner Form zur Verf\u00fcgung gestellt haben, wahrheitsgetreu und genau sind, und Sie verpflichten sich, uns jede \u00c4nderung oder Modifizierung derselben mitzuteilen, wobei Sie die alleinige Verantwortung f\u00fcr jeden Verlust oder Schaden tragen, der dem Verantwortlichen oder einem Dritten durch die Mitteilung falscher, ungenauer oder unvollst\u00e4ndiger Informationen entsteht.  <\/li><li>Aus Gr\u00fcnden, die sich auf Ihre besondere Situation beziehen, k\u00f6nnen Sie der Verarbeitung Ihrer Daten widersprechen. In diesem Fall wird unsere Organisation die Verarbeitung der Daten einstellen, es sei denn, es liegen berechtigte Gr\u00fcnde vor, dies nicht zu tun.<\/li><li>die L\u00f6schung Ihrer personenbezogenen Daten zu verlangen, wenn diese unter anderem f\u00fcr die oben beschriebenen Zwecke nicht mehr erforderlich sind oder wir nicht mehr die Legitimation haben, sie zu verarbeiten.<\/li><li>die \u00dcbertragbarkeit Ihrer Daten zu verlangen, wenn die Verarbeitung mit automatisierten Mitteln erfolgt und Sie durch einen Vertrag an uns gebunden sind oder Ihre Einwilligung zu der durchgef\u00fchrten Verarbeitung gegeben haben. In diesen F\u00e4llen haben Sie das Recht, Ihre personenbezogenen Daten in einem strukturierten, g\u00e4ngigen und maschinenlesbaren Format zu erhalten oder sie direkt an einen anderen Verantwortlichen zu \u00fcbermitteln, sofern dies technisch m\u00f6glich ist. <\/li><li>Unter bestimmten Umst\u00e4nden k\u00f6nnen Sie verlangen, dass wir die Verarbeitung Ihrer Daten einschr\u00e4nken. In diesem Fall werden wir die Daten nur zum Zweck der Verfolgung oder Abwehr von Anspr\u00fcchen aufbewahren.<\/li><li>Widersprechen Sie der automatisierten Entscheidungsfindung, einschlie\u00dflich Profiling.<\/li><\/ul><p>Diese Rechte k\u00f6nnen &#8211; au\u00dfer in den gesetzlich vorgesehenen F\u00e4llen &#8211; kostenlos durch einen schriftlichen Antrag ausge\u00fcbt werden, der von Ihnen oder gegebenenfalls von Ihrem Vertreter unterzeichnet und an den Verantwortlichen unter den im ersten Abschnitt genannten Adressen oder pers\u00f6nlich in einer unserer Niederlassungen gerichtet ist.<\/p><p>Sie haben au\u00dferdem das Recht, entweder bei der spanischen Datenschutzbeh\u00f6rde (auf der Website https:\/\/www.agpd.es\/) oder bei der zust\u00e4ndigen Aufsichtsbeh\u00f6rde eine Beschwerde einzureichen.<\/p><p>Sie k\u00f6nnen auch vor Gericht gehen, um Schadenersatz zu fordern.<\/p><p>Schlie\u00dflich haben Sie das Recht, Ihre Zustimmung zu widerrufen, und zwar genauso einfach, wie Sie sie erteilt haben. Dazu k\u00f6nnen Sie unsere Website besuchen. Dort finden Sie die Informationen, die Sie ben\u00f6tigen, um die von Ihnen erteilte Genehmigung zur \u00dcbermittlung dieser Mitteilungen schnell und einfach zu widerrufen. Sie k\u00f6nnen auch eine E-Mail an die im Abschnitt \u00fcber die verantwortliche Person angegebene Adresse senden.  <\/p><p>Wir informieren Sie auch dar\u00fcber, dass wir bei jeder Verarbeitung Ihrer personenbezogenen Daten die m\u00f6glichen Bedrohungen und Auswirkungen ermitteln, die sich daraus ergeben k\u00f6nnen, und den potenziellen Schaden durch die Anwendung der entsprechenden Sicherheitsma\u00dfnahmen, die regelm\u00e4\u00dfig auf ihre Wirksamkeit hin \u00fcberpr\u00fcft werden, abmildern oder beseitigen, wenn dies m\u00f6glich ist.<\/p><p>Unser Kontrollsystem erm\u00f6glicht es uns auch, die Grunds\u00e4tze der Datenverarbeitung einzuhalten und der betroffenen Person den Grundsatz der Zweckbindung, den Grundsatz der Begrenzung der Speicherdauer, den Grundsatz der Datenminimierung sowie den Grundsatz der Datenintegrit\u00e4t und Vertraulichkeit aufzuzeigen.<\/p><p>Schlie\u00dflich informieren wir Sie auch dar\u00fcber, dass Sie in regelm\u00e4\u00dfigen Abst\u00e4nden Umfragen erhalten werden, die es uns erm\u00f6glichen, Ihre Meinung zu Vorschl\u00e4gen bez\u00fcglich der Verarbeitung Ihrer pers\u00f6nlichen Daten zu erfahren und den Grundsatz der Transparenz und Genauigkeit der verarbeiteten Daten einzuhalten.<\/p><p>Bei Fragen oder Unklarheiten k\u00f6nnen Sie uns \u00fcber die im ersten Abschnitt angegebene E-Mail-Adresse kontaktieren. Mit freundlichen Gr\u00fc\u00dfen, <\/p><p>Die Verantwortlichen.<\/p>\t\t\t\t\t\t\t\t<\/div>\n\t\t\t\t\t<\/div>\n\t\t\t\t<\/div>\n\t\t\t\t<\/div>\n\t\t","protected":false},"excerpt":{"rendered":"<p>Stakeholder: Privatkunden, Mitarbeiter, Fachleute und Unternehmensvertreter. Behandlungen Wie verarbeiten wir Ihre pers\u00f6nlichen Daten? In \u00dcbereinstimmung mit der Verordnung (EU) 2016\/679 und dem Organgesetz zum Schutz personenbezogener Daten informieren wir Sie dar\u00fcber, dass Ihre personenbezogenen Daten einigen der folgenden Verarbeitungen unterzogen werden k\u00f6nnen: TR04 &#8211; Werbekampagnen (Rechtsgrundlage: Ley 34\/1988, de 11 de noviembre, General de Publicidad.) [&hellip;]<\/p>\n","protected":false},"author":1,"featured_media":0,"parent":0,"menu_order":0,"comment_status":"closed","ping_status":"closed","template":"","meta":{"footnotes":""},"class_list":["post-2176","page","type-page","status-publish","hentry"],"_links":{"self":[{"href":"https:\/\/inmobiliaria-ibiza.com\/de\/wp-json\/wp\/v2\/pages\/2176","targetHints":{"allow":["GET"]}}],"collection":[{"href":"https:\/\/inmobiliaria-ibiza.com\/de\/wp-json\/wp\/v2\/pages"}],"about":[{"href":"https:\/\/inmobiliaria-ibiza.com\/de\/wp-json\/wp\/v2\/types\/page"}],"author":[{"embeddable":true,"href":"https:\/\/inmobiliaria-ibiza.com\/de\/wp-json\/wp\/v2\/users\/1"}],"replies":[{"embeddable":true,"href":"https:\/\/inmobiliaria-ibiza.com\/de\/wp-json\/wp\/v2\/comments?post=2176"}],"version-history":[{"count":0,"href":"https:\/\/inmobiliaria-ibiza.com\/de\/wp-json\/wp\/v2\/pages\/2176\/revisions"}],"wp:attachment":[{"href":"https:\/\/inmobiliaria-ibiza.com\/de\/wp-json\/wp\/v2\/media?parent=2176"}],"curies":[{"name":"wp","href":"https:\/\/api.w.org\/{rel}","templated":true}]}}