{"id":2190,"date":"2025-01-21T13:29:56","date_gmt":"2025-01-21T12:29:56","guid":{"rendered":"https:\/\/inmobiliariaibiza.tunuevapagina.com\/rechtlicher-hinweis\/"},"modified":"2025-05-15T10:20:58","modified_gmt":"2025-05-15T08:20:58","slug":"rechtlicher-hinweis","status":"publish","type":"page","link":"https:\/\/inmobiliaria-ibiza.com\/de\/rechtlicher-hinweis\/","title":{"rendered":"Rechtlicher Hinweis"},"content":{"rendered":"\t\t<div data-elementor-type=\"wp-page\" data-elementor-id=\"2190\" class=\"elementor elementor-2190 elementor-590\" data-elementor-post-type=\"page\">\n\t\t\t\t<div class=\"elementor-element elementor-element-401930f e-flex e-con-boxed e-con e-parent\" data-id=\"401930f\" data-element_type=\"container\" data-e-type=\"container\" data-settings=\"{&quot;background_background&quot;:&quot;classic&quot;}\">\n\t\t\t\t\t<div class=\"e-con-inner\">\n\t\t\t\t<div class=\"elementor-element elementor-element-4cfddb9 elementor-invisible elementor-widget elementor-widget-heading\" data-id=\"4cfddb9\" data-element_type=\"widget\" data-e-type=\"widget\" data-settings=\"{&quot;_animation&quot;:&quot;fadeInUp&quot;}\" data-widget_type=\"heading.default\">\n\t\t\t\t\t<h1 class=\"elementor-heading-title elementor-size-default\">Rechtlicher Hinweis<\/h1>\t\t\t\t<\/div>\n\t\t\t\t\t<\/div>\n\t\t\t\t<\/div>\n\t\t<div class=\"elementor-element elementor-element-0a31d48 e-flex e-con-boxed e-con e-parent\" data-id=\"0a31d48\" data-element_type=\"container\" data-e-type=\"container\">\n\t\t\t\t\t<div class=\"e-con-inner\">\n\t\t\t\t<div class=\"elementor-element elementor-element-bb94bb6 elementor-widget elementor-widget-text-editor\" data-id=\"bb94bb6\" data-element_type=\"widget\" data-e-type=\"widget\" data-widget_type=\"text-editor.default\">\n\t\t\t\t\t\t\t\t\t<p>Gem\u00e4\u00df Artikel 10 des Gesetzes 34\/2002 vom 11. Juli \u00fcber die Dienstleistungen der Informationsgesellschaft und den elektronischen Handel (LSSI-CE) teilen wir Ihnen mit, dass der Eigent\u00fcmer dieser Website und der Verantwortliche f\u00fcr die \u00fcber diese Website angebotenen Dienstleistungen folgende Personen sind:<\/p><ul><li>Firmenname: DESTRO, GRAZIELLA<\/li><li>Adresse: Calle Arag\u00f3, 23 IBIZA<\/li><li>Telefon: 665566644<\/li><li>E-Mail Adresse: info@inmobiliariaibiza.eu<\/li><li>STEUERIDENTIFIKATIONSNUMMER: Y3446514R<\/li><\/ul><p>F\u00fcr weitere Informationen rufen Sie bitte die oben genannte Telefonnummer an oder senden Sie eine E-Mail an info@inmobiliariaibiza.eu.<\/p><h2>BEDINGUNGEN F\u00dcR DIE NUTZUNG DER WEBSITE<\/h2><p><strong>1. die Verantwortung des Benutzers<\/strong><\/p><p>Es liegt in der Verantwortung des Besuchers, Kunden oder Nutzers dieser Website, die Allgemeinen Nutzungsbedingungen sorgf\u00e4ltig zu lesen, die im Detail aufgef\u00fchrt sind. Die Nutzung des Portals oder der Zugriff darauf setzt die Kenntnis und die vollst\u00e4ndige Akzeptanz aller rechtlichen Hinweise und Bedingungen voraus. <\/p><p><strong>2. Allgemeine Bedingungen f\u00fcr die Nutzung<\/strong><\/p><p>Unser Webportal bietet Zugang zu einer Vielzahl von Informationen, Diensten, Programmen oder Daten (im Folgenden &#8222;die Inhalte&#8220;) im Internet, die zu:<\/p><p>DESTRO, GRAZIELLA<\/p><p>(im Folgenden &#8222;das Unternehmen&#8220;) oder seine Lizenzgeber, zu denen der KUNDE\/NUTZER Zugang haben kann.<\/p><p>Der KUNDE\/NUTZER \u00fcbernimmt die Verantwortung f\u00fcr die Nutzung des Portals. Diese Verantwortung erstreckt sich auch auf die Registrierung, die f\u00fcr den Zugang zu bestimmten Diensten oder Inhalten erforderlich sein kann. <\/p><p>Bei dieser Registrierung ist der KUNDE\/NUTZER des Portals daf\u00fcr verantwortlich, wahrheitsgem\u00e4\u00dfe und rechtm\u00e4\u00dfige Angaben zu machen. Als Folge dieser Registrierung kann der KUNDE\/NUTZER ein Passwort erhalten, f\u00fcr das er verantwortlich ist und sich verpflichtet, es sorgf\u00e4ltig und vertraulich zu verwenden. <\/p><p>Der KUNDE\/NUTZER verpflichtet sich, die Inhalte und Dienste (wie Chat-Dienste, Diskussionsforen oder Newsgroups), die das Unternehmen \u00fcber sein Portal anbietet, in angemessener Weise zu nutzen und sie beispielsweise, aber nicht ausschlie\u00dflich, nicht zu nutzen, um (i) unerlaubte oder illegale Aktivit\u00e4ten oder solche, die gegen Treu und Glauben und die \u00f6ffentliche Ordnung versto\u00dfen, durchzuf\u00fchren; (ii) Inhalte oder Propaganda rassistischer, fremdenfeindlicher, pornografisch-illegaler Art, zur Unterst\u00fctzung des Terrorismus oder gegen die Menschenrechte zu verbreiten; (iii) Sch\u00e4den an den physischen und logischen Systemen des Unternehmens, seiner Lieferanten oder Dritter zu verursachen, Computerviren oder andere physische oder logische Systeme einzuf\u00fchren oder zu verbreiten, die die oben genannten Sch\u00e4den verursachen k\u00f6nnen; (iv) zu versuchen, auf die E-Mail-Konten anderer Benutzer zuzugreifen und diese gegebenenfalls zu nutzen und deren Nachrichten zu ver\u00e4ndern oder zu manipulieren.    <\/p><p>Das Unternehmen beh\u00e4lt sich das Recht vor, alle Kommentare und Beitr\u00e4ge zu entfernen, die gegen die Achtung der Menschenw\u00fcrde versto\u00dfen, die diskriminierend, fremdenfeindlich, rassistisch oder pornografisch sind, die die Jugend oder das Kindesalter, die \u00f6ffentliche Ordnung oder Sicherheit verletzen oder die seiner Meinung nach nicht zur Ver\u00f6ffentlichung geeignet sind. In jedem Fall ist das Unternehmen nicht f\u00fcr die von den Nutzern in Foren, Chats oder anderen Beteiligungsinstrumenten ge\u00e4u\u00dferten Meinungen verantwortlich. <\/p><p><strong>3. Recht auf Ausschluss<\/strong><\/p><p>Das Unternehmen beh\u00e4lt sich das Recht vor, Nutzern, die diese Allgemeinen Nutzungsbedingungen nicht einhalten, den Zugang zum Portal und\/oder zu den angebotenen Diensten ohne Vorank\u00fcndigung zu verweigern oder zu entziehen, sei es auf eigenen Wunsch oder auf Wunsch eines Dritten.<\/p><p><strong>4. Ausschluss von Garantien und Haftung<\/strong><\/p><p>Das Unternehmen haftet unter keinen Umst\u00e4nden f\u00fcr Sch\u00e4den jeglicher Art, die durch Fehler oder Auslassungen in den Inhalten, mangelnde Verf\u00fcgbarkeit des Portals oder die \u00dcbertragung von Viren oder b\u00f6sartigen oder sch\u00e4dlichen Programmen in den Inhalten verursacht werden k\u00f6nnen, obwohl es alle notwendigen technischen Ma\u00dfnahmen ergriffen hat, um dies zu verhindern.<\/p><p>Ebenso wenig kann sie f\u00fcr die mangelnde Rechtm\u00e4\u00dfigkeit, Qualit\u00e4t, Zuverl\u00e4ssigkeit, N\u00fctzlichkeit und Verf\u00fcgbarkeit der von Dritten erbrachten und den Nutzern auf dieser Website zur Verf\u00fcgung gestellten Dienste verantwortlich gemacht werden.<\/p><p>Schlie\u00dflich haftet das Unternehmen nicht f\u00fcr eine ungesetzliche, fahrl\u00e4ssige oder betr\u00fcgerische Nutzung oder eine Nutzung, die diesen Bedingungen widerspricht.<\/p><p><strong>5. Links<\/strong><\/p><p>F\u00fcr den Fall, dass unsere Website Links oder Hyperlinks zu anderen Internetseiten enth\u00e4lt, \u00fcbt das Unternehmen keinerlei Kontrolle \u00fcber diese Seiten und Inhalte aus. Das Unternehmen \u00fcbernimmt unter keinen Umst\u00e4nden die Verantwortung f\u00fcr den Inhalt eines Links, der zu einer externen Website geh\u00f6rt, noch garantiert es die technische Verf\u00fcgbarkeit, Qualit\u00e4t, Zuverl\u00e4ssigkeit, Genauigkeit, Vollst\u00e4ndigkeit, Wahrhaftigkeit, G\u00fcltigkeit und Verfassungsm\u00e4\u00dfigkeit von Material oder Informationen, die in einem dieser Hyperlinks oder auf anderen Internetseiten enthalten sind. Ebenso wenig bedeutet die Aufnahme dieser externen Verbindungen irgendeine Art von Assoziation, Fusion oder Beteiligung mit den verbundenen Einrichtungen.  <\/p><p><strong>6. Geistiges Eigentum<\/strong><\/p><p>Das Unternehmen ist selbst oder in seiner Eigenschaft als Bevollm\u00e4chtigter Eigent\u00fcmer aller geistigen und gewerblichen Eigentumsrechte an seiner Website sowie an den darin enthaltenen Elementen (einschlie\u00dflich, aber nicht beschr\u00e4nkt auf Bilder, Ton, Audio, Video, Software oder Texte; Marken oder Logos, Farbkombinationen, Struktur und Design, Auswahl der verwendeten Materialien, Computerprogramme, die f\u00fcr den Betrieb, den Zugang und die Nutzung erforderlich sind, usw.), die Eigentum des Unternehmens oder seiner Lizenzgeber sind.<\/p><p>Die Vervielf\u00e4ltigung der im vorigen Abschnitt genannten Elemente und des gesamten oder eines Teils des Inhalts dieser Website, ihre Verbreitung, \u00f6ffentliche Bekanntmachung und Umwandlung, ihre (insbesondere kommerzielle oder industrielle) Nutzung, \u00dcbertragung, Vermietung, Verkauf, Verleih, Korrekturen, Entnahmen und\/oder Wiederverwendung sowie die Aus\u00fcbung sonstiger geistiger oder gewerblicher Eigentumsrechte an ihnen, die nicht ausdr\u00fccklich schriftlich von der Gesellschaft \u00fcbertragen wurden, ist ausdr\u00fccklich verboten.<\/p><p>Der KUNDE\/NUTZER erkennt die geistigen und gewerblichen Eigentumsrechte des Unternehmens an. Der KUNDE\/NUTZER verpflichtet sich, die geistigen und gewerblichen Eigentumsrechte des Unternehmens zu respektieren. Sie d\u00fcrfen die Elemente des Portals ansehen und sogar ausdrucken, kopieren und auf der Festplatte Ihres Computers oder auf einem anderen physischen Medium speichern, vorausgesetzt, dass dies einzig und allein zu Ihrem pers\u00f6nlichen und privaten Gebrauch geschieht. Der KUNDE\/BENUTZER muss es unterlassen, die auf den Seiten des Unternehmens installierten Schutzvorrichtungen oder Sicherheitssysteme zu l\u00f6schen, zu ver\u00e4ndern, zu umgehen oder zu manipulieren.  <\/p><p>Der KUNDE\/NUTZER darf die Marken, Logos, Handelsnamen, Internet-Domains und alle anderen Erkennungszeichen des Unternehmens nur mit ausdr\u00fccklicher vorheriger schriftlicher Zustimmung des Unternehmens verwenden.<\/p><p><strong>7. Datenschutz<\/strong><\/p><p>Es gelten die Bestimmungen des entsprechenden Abschnitts dieser Bedingungen und der Datenschutzrichtlinie, die auf der Website verf\u00fcgbar sind.<\/p>\t\t\t\t\t\t\t\t<\/div>\n\t\t\t\t\t<\/div>\n\t\t\t\t<\/div>\n\t\t\t\t<\/div>\n\t\t","protected":false},"excerpt":{"rendered":"<p>Gem\u00e4\u00df Artikel 10 des Gesetzes 34\/2002 vom 11. Juli \u00fcber die Dienstleistungen der Informationsgesellschaft und den elektronischen Handel (LSSI-CE) teilen wir Ihnen mit, dass der Eigent\u00fcmer dieser Website und der Verantwortliche f\u00fcr die \u00fcber diese Website angebotenen Dienstleistungen folgende Personen sind: Firmenname: DESTRO, GRAZIELLA Adresse: Calle Arag\u00f3, 23 IBIZA Telefon: 665566644 E-Mail Adresse: info@inmobiliariaibiza.eu STEUERIDENTIFIKATIONSNUMMER: [&hellip;]<\/p>\n","protected":false},"author":1,"featured_media":0,"parent":0,"menu_order":0,"comment_status":"closed","ping_status":"closed","template":"","meta":{"footnotes":""},"class_list":["post-2190","page","type-page","status-publish","hentry"],"_links":{"self":[{"href":"https:\/\/inmobiliaria-ibiza.com\/de\/wp-json\/wp\/v2\/pages\/2190","targetHints":{"allow":["GET"]}}],"collection":[{"href":"https:\/\/inmobiliaria-ibiza.com\/de\/wp-json\/wp\/v2\/pages"}],"about":[{"href":"https:\/\/inmobiliaria-ibiza.com\/de\/wp-json\/wp\/v2\/types\/page"}],"author":[{"embeddable":true,"href":"https:\/\/inmobiliaria-ibiza.com\/de\/wp-json\/wp\/v2\/users\/1"}],"replies":[{"embeddable":true,"href":"https:\/\/inmobiliaria-ibiza.com\/de\/wp-json\/wp\/v2\/comments?post=2190"}],"version-history":[{"count":0,"href":"https:\/\/inmobiliaria-ibiza.com\/de\/wp-json\/wp\/v2\/pages\/2190\/revisions"}],"wp:attachment":[{"href":"https:\/\/inmobiliaria-ibiza.com\/de\/wp-json\/wp\/v2\/media?parent=2190"}],"curies":[{"name":"wp","href":"https:\/\/api.w.org\/{rel}","templated":true}]}}