{"id":7724,"date":"2025-02-06T12:38:14","date_gmt":"2025-02-06T11:38:14","guid":{"rendered":"https:\/\/inmobiliaria-ibiza.com\/web-informationspflicht-eingegangene-bewerbungen-werbung\/"},"modified":"2025-05-15T10:21:46","modified_gmt":"2025-05-15T08:21:46","slug":"web-informationspflicht-eingegangene-bewerbungen-werbung","status":"publish","type":"page","link":"https:\/\/inmobiliaria-ibiza.com\/de\/web-informationspflicht-eingegangene-bewerbungen-werbung\/","title":{"rendered":"Web-Informationspflicht: eingegangene Bewerbungen + Werbung."},"content":{"rendered":"\t\t<div data-elementor-type=\"wp-page\" data-elementor-id=\"7724\" class=\"elementor elementor-7724 elementor-2435\" data-elementor-post-type=\"page\">\n\t\t\t\t<div class=\"elementor-element elementor-element-42ec80c e-flex e-con-boxed e-con e-parent\" data-id=\"42ec80c\" data-element_type=\"container\" data-e-type=\"container\" data-settings=\"{&quot;background_background&quot;:&quot;classic&quot;}\">\n\t\t\t\t\t<div class=\"e-con-inner\">\n\t\t\t\t<div class=\"elementor-element elementor-element-ee6b490 elementor-invisible elementor-widget elementor-widget-heading\" data-id=\"ee6b490\" data-element_type=\"widget\" data-e-type=\"widget\" data-settings=\"{&quot;_animation&quot;:&quot;fadeInUp&quot;}\" data-widget_type=\"heading.default\">\n\t\t\t\t\t<h1 class=\"elementor-heading-title elementor-size-default\">Web-Informationspflicht: eingegangene Bewerbungen + Werbung.<\/h1>\t\t\t\t<\/div>\n\t\t\t\t\t<\/div>\n\t\t\t\t<\/div>\n\t\t<div class=\"elementor-element elementor-element-2df3dd1 e-flex e-con-boxed e-con e-parent\" data-id=\"2df3dd1\" data-element_type=\"container\" data-e-type=\"container\">\n\t\t\t\t\t<div class=\"e-con-inner\">\n\t\t\t\t<div class=\"elementor-element elementor-element-098284d elementor-widget elementor-widget-text-editor\" data-id=\"098284d\" data-element_type=\"widget\" data-e-type=\"widget\" data-widget_type=\"text-editor.default\">\n\t\t\t\t\t\t\t\t\t<p><strong>Die Identit\u00e4t des f\u00fcr die Verarbeitung Ihrer personenbezogenen Daten Verantwortlichen ist:  <\/strong><\/p><p>DESTRO, GRAZIELLA, mit NIF Y3446514R, Adresse Calle Arag\u00f3, 23 IBIZA und E-Mail info@inmobiliariaibiza.eu .<\/p><p><strong>Wir verarbeiten Ihre registrierten Daten f\u00fcr die folgenden Zwecke:<\/strong><\/p><ul><li>Verwaltung von Informationsanfragen, die der Interessent \u00fcber unsere Produkte oder Dienstleistungen erh\u00e4lt, und Durchf\u00fchrung von Werbekampagnen.<\/li><\/ul><p><strong>Die Legitimation zur Verarbeitung Ihrer Daten ist:<\/strong><\/p><ul><li>Das berechtigte Interesse des f\u00fcr die Datenverarbeitung Verantwortlichen, Ihre Anfrage zu beantworten.<\/li><li>Ihre ausdr\u00fcckliche Zustimmung, Ihnen Werbung f\u00fcr unsere Dienstleistungen und\/oder Produkte zuzusenden<em>(vorbehaltlich Ihrer ausdr\u00fccklichen Zustimmung weiter unten<\/em>).<\/li><\/ul><p><strong>Welche Rechte k\u00f6nnen Sie aus\u00fcben, wenn Sie uns Ihre Daten zur Verf\u00fcgung stellen?  <\/strong><\/p><ul><li>Sie k\u00f6nnen Ihre Rechte auf Auskunft, Berichtigung, L\u00f6schung, \u00dcbertragbarkeit, Einschr\u00e4nkung, Widerspruch gegen die Verarbeitung und Widerspruch gegen die automatisierte Entscheidungsfindung aus\u00fcben sowie Beschwerden bei der Aufsichtsbeh\u00f6rde einreichen.<\/li><\/ul><p>Sie k\u00f6nnen alle detaillierten Informationen in unserer <a href=\"https:\/\/inmobiliaria-ibiza.com\/de\/datenschutzbestimmungen\/\">Datenschutzrichtlinie<\/a> nachlesen oder eine E-Mail an die oben genannte Adresse senden.<\/p><p>*Ich stimme der Zusendung von Werbekampagnen \u00fcber ihre Dienstleistungen und\/oder Produkte durch die verantwortliche Partei zu.<\/p><p>* <em>Die Einreichung des Antrags ist nicht obligatorisch<\/em><\/p>\t\t\t\t\t\t\t\t<\/div>\n\t\t\t\t\t<\/div>\n\t\t\t\t<\/div>\n\t\t\t\t<\/div>\n\t\t","protected":false},"excerpt":{"rendered":"<p>Die Identit\u00e4t des f\u00fcr die Verarbeitung Ihrer personenbezogenen Daten Verantwortlichen ist: DESTRO, GRAZIELLA, mit NIF Y3446514R, Adresse Calle Arag\u00f3, 23 IBIZA und E-Mail info@inmobiliariaibiza.eu . Wir verarbeiten Ihre registrierten Daten f\u00fcr die folgenden Zwecke: Verwaltung von Informationsanfragen, die der Interessent \u00fcber unsere Produkte oder Dienstleistungen erh\u00e4lt, und Durchf\u00fchrung von Werbekampagnen. Die Legitimation zur Verarbeitung Ihrer [&hellip;]<\/p>\n","protected":false},"author":1,"featured_media":0,"parent":0,"menu_order":0,"comment_status":"closed","ping_status":"closed","template":"","meta":{"footnotes":""},"class_list":["post-7724","page","type-page","status-publish","hentry"],"_links":{"self":[{"href":"https:\/\/inmobiliaria-ibiza.com\/de\/wp-json\/wp\/v2\/pages\/7724","targetHints":{"allow":["GET"]}}],"collection":[{"href":"https:\/\/inmobiliaria-ibiza.com\/de\/wp-json\/wp\/v2\/pages"}],"about":[{"href":"https:\/\/inmobiliaria-ibiza.com\/de\/wp-json\/wp\/v2\/types\/page"}],"author":[{"embeddable":true,"href":"https:\/\/inmobiliaria-ibiza.com\/de\/wp-json\/wp\/v2\/users\/1"}],"replies":[{"embeddable":true,"href":"https:\/\/inmobiliaria-ibiza.com\/de\/wp-json\/wp\/v2\/comments?post=7724"}],"version-history":[{"count":0,"href":"https:\/\/inmobiliaria-ibiza.com\/de\/wp-json\/wp\/v2\/pages\/7724\/revisions"}],"wp:attachment":[{"href":"https:\/\/inmobiliaria-ibiza.com\/de\/wp-json\/wp\/v2\/media?parent=7724"}],"curies":[{"name":"wp","href":"https:\/\/api.w.org\/{rel}","templated":true}]}}