{"id":2174,"date":"2025-01-21T13:29:52","date_gmt":"2025-01-21T12:29:52","guid":{"rendered":"https:\/\/inmobiliariaibiza.tunuevapagina.com\/informativa-sulla-privacy\/"},"modified":"2025-05-15T10:21:41","modified_gmt":"2025-05-15T08:21:41","slug":"informativa-sulla-privacy","status":"publish","type":"page","link":"https:\/\/inmobiliaria-ibiza.com\/it\/informativa-sulla-privacy\/","title":{"rendered":"Informativa sulla privacy"},"content":{"rendered":"\t\t<div data-elementor-type=\"wp-page\" data-elementor-id=\"2174\" class=\"elementor elementor-2174 elementor-589\" data-elementor-post-type=\"page\">\n\t\t\t\t<div class=\"elementor-element elementor-element-441b4ec e-flex e-con-boxed e-con e-parent\" data-id=\"441b4ec\" data-element_type=\"container\" data-e-type=\"container\" data-settings=\"{&quot;background_background&quot;:&quot;classic&quot;}\">\n\t\t\t\t\t<div class=\"e-con-inner\">\n\t\t\t\t<div class=\"elementor-element elementor-element-c121463 elementor-invisible elementor-widget elementor-widget-heading\" data-id=\"c121463\" data-element_type=\"widget\" data-e-type=\"widget\" data-settings=\"{&quot;_animation&quot;:&quot;fadeInUp&quot;}\" data-widget_type=\"heading.default\">\n\t\t\t\t\t<h1 class=\"elementor-heading-title elementor-size-default\">Informativa sulla privacy<\/h1>\t\t\t\t<\/div>\n\t\t\t\t\t<\/div>\n\t\t\t\t<\/div>\n\t\t<div class=\"elementor-element elementor-element-00c8b7f e-flex e-con-boxed e-con e-parent\" data-id=\"00c8b7f\" data-element_type=\"container\" data-e-type=\"container\">\n\t\t\t\t\t<div class=\"e-con-inner\">\n\t\t\t\t<div class=\"elementor-element elementor-element-6dba8fa elementor-widget elementor-widget-text-editor\" data-id=\"6dba8fa\" data-element_type=\"widget\" data-e-type=\"widget\" data-widget_type=\"text-editor.default\">\n\t\t\t\t\t\t\t\t\t<p><strong>Stakeholder: clienti privati, dipendenti, professionisti e rappresentanti dell&#8217;azienda.<\/strong><\/p><h2>Trattamenti<\/h2><p><strong>Come trattiamo i tuoi dati personali?<\/strong><\/p><p>In conformit\u00e0 al Regolamento (UE) 2016\/679 e alla Legge Organica sulla Protezione dei Dati Personali, ti informiamo che i tuoi dati personali potranno essere oggetto di alcuni dei seguenti trattamenti:<\/p><ul><li>TR04 &#8211; Campagne pubblicitarie (Base giuridica: Ley 34\/1988, de 11 de noviembre, General de Publicidad.)<\/li><li>TR08 &#8211; Ottenere il parere degli interessati (Base giuridica: Regolamento sulla protezione dei dati (UE) 2016\/679 e LOPD).<\/li><li>TR03 &#8211; Selezione di personale proprio (Base giuridica: Real Decreto Legislativo 3\/2015, de 23 de octubre, por el que se aprueba el texto refundido de la ley de Empleo).<\/li><li>TG01 &#8211; Gestione in proprio della contabilit\u00e0, in qualit\u00e0 di responsabile (Base giuridica: Real Decreto 1514\/2007, de 16 de Noviembre, por el que se regula el Plan General Contable). <\/li><li>TG25 &#8211; Raccolta di dati per la gestione della propria imposta (Base giuridica: Ley 58\/2003, de 17 de diciembre, General Tributaria).<\/li><li>TG12 &#8211; Gestione del lavoro in proprio: raccolta dati (Base giuridica: Real Decreto Legislativo 1\/1994, de 20 de junio, por el que se aprueba el Texto Refundido de la Ley General de la Seguridad Social).<\/li><li>TR09 &#8211; Garanzie sulle misure tecniche e organizzative del software applicato (Base giuridica: Regolamento sulla protezione dei dati (UE) 2016\/679 e LOPD).<\/li><li>TE08 &#8211; Protezione dei dati personali (Base giuridica: Regolamento (UE) 2016\/679 e Legge organica 3\/2018).<\/li><li>TE02 &#8211; Prevenzione dei rischi professionali (Base giuridica: Legge 31\/1995, dell&#8217;8 novembre, sulla prevenzione dei rischi professionali).<\/li><li>TE07 &#8211; Distruzione di documenti (Base giuridica: Regolamento (UE) 2016\/679)<\/li><li>TV01 &#8211; Vendite \/ Prestazioni di servizi (Base giuridica: legislazione commerciale e fiscale)<\/li><li>TE03 &#8211; Servizio di trasporto e\/o consegna pacchi (Base giuridica: Real Decreto de 22 de agosto de 1885 por el que se publica el C\u00f3digo de Comercio).<\/li><li>TR05 &#8211; Posta elettronica (Base giuridica: Codice del Commercio e altre leggi applicabili).<\/li><li>TR01 &#8211; Richieste di informazioni ricevute (Base giuridica: Codice commerciale e altre disposizioni commerciali).<\/li><li>TR07 &#8211; Gestione degli incidenti e\/o delle violazioni della sicurezza (Base giuridica: Regolamento sulla protezione dei dati (UE) 2016\/679 e LOPD).<\/li><li>TE04 &#8211; Gestione dei propri affari legali (Base giuridica: legislazione commerciale e del lavoro applicabile).<\/li><li>TE01 &#8211; Manutenzione dei sistemi informatici (Base giuridica: Codice commerciale).<\/li><\/ul><h2>Responsabile<\/h2><p><strong>Chi siamo?<\/strong><\/p><p>Siamo responsabili del trattamento dei tuoi dati. Pertanto, informiamo in modo esplicito, preciso e inequivocabile sia gli interessati che gli organi competenti dei seguenti aspetti relativi al titolare del trattamento: <\/p><ul><li>DISTRUGGERE, GRAZIELLA<\/li><li>Y3446514R<\/li><li>Calle Arag\u00f3, 23. IBIZA &#8211; 07800. BALEARI ILLES  <\/li><li>DPD: FORMACI\u00d3N Y CERTIFICACI\u00d3N DE DELEGADOS DE PROTECCI\u00d3N DE DATOS, S.L., NIF: B73982266(dpd@gruposmz.es)<\/li><\/ul><h2>Scopi<\/h2><p><strong>Per cosa utilizziamo i tuoi dati personali?<\/strong><\/p><p>All&#8217;interno di questa organizzazione, potremo trattare i tuoi dati personali esclusivamente per le finalit\u00e0 indicate di seguito:<\/p><ul><li>Verificare che tutte le misure tecniche necessarie per la corretta gestione dei dati personali siano state adottate con il software applicato.<\/li><li>Invio di informazioni commerciali e\/o pubblicitarie via e-mail.<\/li><li>Gestione delle richieste di informazioni ricevute dall&#8217;interessato sui nostri prodotti o servizi.<\/li><li>Gestione esclusiva degli incidenti interni rilevati in conformit\u00e0 ai requisiti del GDPR.<\/li><li>Realizzare campagne pubblicitarie per pubblicizzare i nostri servizi e\/o prodotti.<\/li><li>Raccogli il feedback degli stakeholder.<\/li><li>Assunzione di personale per coprire i posti vacanti necessari.<\/li><li>Rispettare tutti i requisiti stabiliti dalla Legge sulla prevenzione dei rischi professionali.<\/li><li>Invio di pacchi e corrispondenza.<\/li><li>Gestire qualsiasi problema legale che riguardi l&#8217;azienda.<\/li><li>Gestire, mantenere e riparare i sistemi di archiviazione informatica.<\/li><li>Azioni per la gestione del lavoro in proprio.<\/li><li>Azioni per la gestione fiscale e contabile in proprio.<\/li><li>Rispettare il principio di limitazione del periodo di conservazione dei dati personali.<\/li><li>Conformit\u00e0 ai requisiti del Regolamento (UE) 2016\/679 e della Legge Organica 3\/2018.<\/li><li>Gestione amministrativa di clienti privati.<\/li><li>Esecuzione della vendita o della fornitura del servizio oggetto del contratto<\/li><\/ul><p>Sulla base delle informazioni fornite o ottenute, potr\u00e0 essere redatto un profilo commerciale o di utente. Ti informiamo espressamente che in nessun caso verranno creati profili con i dati di un minore. <\/p><p>I dati personali da te forniti saranno conservati per la durata del rapporto contrattuale o, se del caso, fino a quando non eserciterai il tuo diritto di opposizione o di revoca del consenso. Per farlo, puoi accedere alla sezione corrispondente del nostro sito web o inviare un&#8217;e-mail all&#8217;indirizzo indicato nella sezione dedicata al responsabile. <\/p><h2>Legittimit\u00e0<\/h2><p><strong>Perch\u00e9 li utilizziamo? Siamo autorizzati a trattare i tuoi dati personali per i seguenti motivi: <\/strong><\/p><ul><li>Il tuo consenso inequivocabile, informato ed espresso, nei casi in cui sia legalmente richiesto, senza che, in ogni caso, la revoca di tale consenso possa condizionare l&#8217;esecuzione di altri trattamenti la cui legittimit\u00e0 sia diversa, e senza che tale revoca pregiudichi la liceit\u00e0 del trattamento precedente alla revoca del consenso.<\/li><li>Un obbligo legale del responsabile del trattamento.<\/li><li>L&#8217;esecuzione del contratto di fornitura di servizi e\/o di acquisto e vendita dei relativi prodotti da te stipulato.<\/li><li>La base giuridica del trattamento dei tuoi dati \u00e8 il legittimo interesse del titolare del trattamento. Tale interesse si basa sulla previa esecuzione di un test di proporzionalit\u00e0 o di bilanciamento tra il legittimo interesse del titolare del trattamento e gli interessi o i diritti e le libert\u00e0 degli interessati. Questo bilanciamento ha comportato la valutazione dell&#8217;interesse, la valutazione dell&#8217;impatto del trattamento sugli interessati, il bilanciamento tra i due concetti e l&#8217;implementazione di garanzie aggiuntive. Se il bilanciamento finale \u00e8 a favore del responsabile del trattamento, il trattamento pu\u00f2 essere effettuato in conformit\u00e0 con le norme di protezione dei dati personali applicabili.     <\/li><\/ul><p>In caso di dubbi o domande, puoi contattarci tramite l&#8217;indirizzo e-mail indicato nella sezione corrispondente al titolare del trattamento.<\/p><h2>Destinatari<\/h2><p><strong>Con chi possiamo condividere i tuoi dati personali?<\/strong><\/p><p>I tuoi dati personali saranno comunicati alle seguenti societ\u00e0 e organizzazioni:<\/p><ul><li>Agenzia delle Entrate<\/li><li>Servizio pubblico statale per l&#8217;impiego<\/li><li>Tesoreria Generale della Sicurezza Sociale<\/li><li>Agenzia nazionale per la protezione dei dati<\/li><li>Banche e casse di risparmio<\/li><\/ul><p>I tuoi dati personali non saranno trasferiti a nessun paese terzo o organizzazione internazionale.<\/p><h2>Fonti<\/h2><p><strong>Quali dati trattiamo e come li abbiamo raccolti?<\/strong><\/p><p>I tuoi dati personali saranno inseriti nei seguenti archivi, di propriet\u00e0 dell&#8217;organizzazione:<\/p><ul><li>FG01 Gestione propria della contabilit\u00e0<\/li><li>FG02 Gestione propria della manodopera<\/li><li>FG15 Gestione delle imposte proprie. Raccolta dati <\/li><li>FE01 Manutenzione dei computer<\/li><li>FE02 Prevenzione dei rischi professionali<\/li><li>FE03 Trasporto e spedizione<\/li><li>FE04 Affari legali propri<\/li><li>FR01 Richieste di informazioni ricevute<\/li><li>FR03 Assunzione di personale proprio<\/li><li>FR04 Campagne pubblicitarie<\/li><li>FR05 E-mail<\/li><li>FR07 Gestione degli incidenti e\/o delle violazioni della sicurezza<\/li><li>FR08 Raccogliere il feedback degli stakeholder<\/li><li>FR09 Sicurezza del software e dell&#8217;hardware<\/li><li>FE07 Distruzione di documenti<\/li><li>FE08 Protezione dei dati personali<\/li><li>Clienti FP01<\/li><\/ul><p>I dati personali che trattiamo nella nostra organizzazione provengono dalle seguenti fonti:<\/p><ul><li>L&#8217;interessato stesso<\/li><\/ul><h2>Diritti<\/h2><p><strong>Quali diritti puoi esercitare?<\/strong><\/p><p>Ti garantiamo l&#8217;esercizio dei tuoi diritti in relazione al trattamento dei tuoi dati personali.<\/p><p>In particolare, ti informiamo che hai il diritto di:<\/p><ul><li>Ottenere conferma del trattamento dei tuoi dati.<\/li><li>Esercitare il diritto di accesso ai dati personali in nostro possesso, ottenendo informazioni sulle finalit\u00e0 del trattamento, sulla categoria di dati trattati, sui possibili destinatari, sul periodo di conservazione, sull&#8217;origine dei dati e, se del caso, sulla profilazione o sul processo decisionale automatizzato.<\/li><li>Esercitare il diritto di rettifica. A tal fine, ti ricordiamo che i dati personali in nostro possesso devono sempre rispecchiare la realt\u00e0, pertanto non esitare ad avvalerti del tuo diritto nel caso in cui i dati vengano modificati, cambiati o cancellati. Garantisci che i dati personali che ci hai fornito con qualsiasi mezzo sono veritieri e accurati, e ti impegni a comunicarci qualsiasi cambiamento o modifica degli stessi, e sarai l&#8217;unico responsabile di qualsiasi perdita o danno causato alla persona responsabile o a terzi in seguito alla comunicazione di informazioni errate, inaccurate o incomplete.  <\/li><li>Per motivi legati alla tua situazione particolare, puoi opporti al trattamento dei tuoi dati, nel qual caso la nostra organizzazione interromper\u00e0 il trattamento dei dati, a meno che non vi siano motivi legittimi per non farlo.<\/li><li>Per richiedere la cancellazione dei tuoi dati personali quando, tra le altre ragioni, non sono pi\u00f9 necessari per le finalit\u00e0 sopra descritte o non siamo pi\u00f9 legittimati a trattarli.<\/li><li>Richiedere la portabilit\u00e0 dei tuoi dati, qualora il trattamento sia effettuato con mezzi automatizzati e a condizione che tu sia legato a noi da un contratto o abbia dato il tuo consenso al trattamento effettuato. In questi casi, hai il diritto di ricevere i tuoi dati personali in un formato strutturato, di uso comune e leggibile da dispositivo automatico o, se tecnicamente fattibile, di trasferirli direttamente a un altro titolare del trattamento. <\/li><li>In alcune circostanze, puoi richiedere di limitare l&#8217;elaborazione dei tuoi dati, nel qual caso li conserveremo solo allo scopo di perseguire o difendere le richieste di risarcimento.<\/li><li>Opporsi al processo decisionale automatizzato, compresa la profilazione.<\/li><\/ul><p>Tali diritti possono essere esercitati gratuitamente, salvo i casi previsti dalla legge, mediante richiesta scritta firmata da te o, se del caso, da un tuo rappresentante, indirizzata al responsabile, agli indirizzi indicati a tal fine nella prima sezione, o fisicamente presso una qualsiasi delle nostre sedi.<\/p><p>Hai inoltre il diritto di presentare un reclamo presso l&#8217;Agenzia Spagnola per la Protezione dei Dati (sul sito web https:\/\/www.agpd.es\/) o presso l&#8217;autorit\u00e0 di controllo competente.<\/p><p>Puoi anche andare in tribunale per chiedere un risarcimento.<\/p><p>Infine, hai il diritto di revocare il tuo consenso, con la stessa facilit\u00e0 con cui lo hai dato. Per farlo, puoi visitare il nostro sito web, dove troverai le informazioni necessarie per annullare in modo semplice e veloce l&#8217;autorizzazione che ci hai dato per effettuare queste comunicazioni. Puoi anche inviare un&#8217;e-mail all&#8217;indirizzo indicato nella sezione dedicata al responsabile.  <\/p><p>Ti informiamo inoltre che per ogni trattamento dei tuoi dati personali, determiniamo le possibili minacce e gli impatti che potrebbero verificarsi a seguito dello stesso, mitigando o eliminando, se possibile, il potenziale danno, attraverso l&#8217;applicazione delle corrispondenti misure di sicurezza, che vengono periodicamente riviste per determinarne l&#8217;efficacia.<\/p><p>Il nostro sistema di controllo ci consente inoltre di rispettare i principi del trattamento dei dati e di dimostrare all&#8217;interessato il principio della limitazione delle finalit\u00e0, il principio della limitazione del periodo di conservazione, il principio della minimizzazione dei dati, nonch\u00e9 il principio dell&#8217;integrit\u00e0 e della riservatezza.<\/p><p>Infine, ti informiamo anche che riceverai periodicamente dei sondaggi che ci permetteranno di conoscere la tua opinione su eventuali suggerimenti relativi al trattamento dei tuoi dati personali, nonch\u00e9 di poter rispettare il principio di trasparenza e accuratezza dei dati trattati.<\/p><p>Per qualsiasi domanda o chiarimento, puoi contattarci tramite l&#8217;indirizzo e-mail indicato nella prima sezione. Cordiali saluti, <\/p><p>Il responsabile.<\/p>\t\t\t\t\t\t\t\t<\/div>\n\t\t\t\t\t<\/div>\n\t\t\t\t<\/div>\n\t\t\t\t<\/div>\n\t\t","protected":false},"excerpt":{"rendered":"<p>Stakeholder: clienti privati, dipendenti, professionisti e rappresentanti dell&#8217;azienda. Trattamenti Come trattiamo i tuoi dati personali? In conformit\u00e0 al Regolamento (UE) 2016\/679 e alla Legge Organica sulla Protezione dei Dati Personali, ti informiamo che i tuoi dati personali potranno essere oggetto di alcuni dei seguenti trattamenti: TR04 &#8211; Campagne pubblicitarie (Base giuridica: Ley 34\/1988, de 11 [&hellip;]<\/p>\n","protected":false},"author":1,"featured_media":0,"parent":0,"menu_order":0,"comment_status":"closed","ping_status":"closed","template":"","meta":{"footnotes":""},"class_list":["post-2174","page","type-page","status-publish","hentry"],"_links":{"self":[{"href":"https:\/\/inmobiliaria-ibiza.com\/it\/wp-json\/wp\/v2\/pages\/2174","targetHints":{"allow":["GET"]}}],"collection":[{"href":"https:\/\/inmobiliaria-ibiza.com\/it\/wp-json\/wp\/v2\/pages"}],"about":[{"href":"https:\/\/inmobiliaria-ibiza.com\/it\/wp-json\/wp\/v2\/types\/page"}],"author":[{"embeddable":true,"href":"https:\/\/inmobiliaria-ibiza.com\/it\/wp-json\/wp\/v2\/users\/1"}],"replies":[{"embeddable":true,"href":"https:\/\/inmobiliaria-ibiza.com\/it\/wp-json\/wp\/v2\/comments?post=2174"}],"version-history":[{"count":0,"href":"https:\/\/inmobiliaria-ibiza.com\/it\/wp-json\/wp\/v2\/pages\/2174\/revisions"}],"wp:attachment":[{"href":"https:\/\/inmobiliaria-ibiza.com\/it\/wp-json\/wp\/v2\/media?parent=2174"}],"curies":[{"name":"wp","href":"https:\/\/api.w.org\/{rel}","templated":true}]}}