{"id":2188,"date":"2025-01-21T13:29:56","date_gmt":"2025-01-21T12:29:56","guid":{"rendered":"https:\/\/inmobiliariaibiza.tunuevapagina.com\/avviso-legale\/"},"modified":"2025-05-15T10:21:01","modified_gmt":"2025-05-15T08:21:01","slug":"avviso-legale","status":"publish","type":"page","link":"https:\/\/inmobiliaria-ibiza.com\/it\/avviso-legale\/","title":{"rendered":"Avviso legale"},"content":{"rendered":"\t\t<div data-elementor-type=\"wp-page\" data-elementor-id=\"2188\" class=\"elementor elementor-2188 elementor-590\" data-elementor-post-type=\"page\">\n\t\t\t\t<div class=\"elementor-element elementor-element-401930f e-flex e-con-boxed e-con e-parent\" data-id=\"401930f\" data-element_type=\"container\" data-e-type=\"container\" data-settings=\"{&quot;background_background&quot;:&quot;classic&quot;}\">\n\t\t\t\t\t<div class=\"e-con-inner\">\n\t\t\t\t<div class=\"elementor-element elementor-element-4cfddb9 elementor-invisible elementor-widget elementor-widget-heading\" data-id=\"4cfddb9\" data-element_type=\"widget\" data-e-type=\"widget\" data-settings=\"{&quot;_animation&quot;:&quot;fadeInUp&quot;}\" data-widget_type=\"heading.default\">\n\t\t\t\t\t<h1 class=\"elementor-heading-title elementor-size-default\">Avviso legale<\/h1>\t\t\t\t<\/div>\n\t\t\t\t\t<\/div>\n\t\t\t\t<\/div>\n\t\t<div class=\"elementor-element elementor-element-0a31d48 e-flex e-con-boxed e-con e-parent\" data-id=\"0a31d48\" data-element_type=\"container\" data-e-type=\"container\">\n\t\t\t\t\t<div class=\"e-con-inner\">\n\t\t\t\t<div class=\"elementor-element elementor-element-bb94bb6 elementor-widget elementor-widget-text-editor\" data-id=\"bb94bb6\" data-element_type=\"widget\" data-e-type=\"widget\" data-widget_type=\"text-editor.default\">\n\t\t\t\t\t\t\t\t\t<p>In conformit\u00e0 con le disposizioni dell&#8217;art. 10 della Legge 34\/2002, dell&#8217;11 luglio, sui Servizi della Societ\u00e0 dell&#8217;Informazione e del Commercio Elettronico (LSSI-CE), ti informiamo che i dati del proprietario di questo sito web e del responsabile del servizio fornito attraverso lo stesso sono:<\/p><ul><li>Nome dell&#8217;azienda: DESTRO, GRAZIELLA<\/li><li>Indirizzo: Calle Arag\u00f3, 23 IBIZA<\/li><li>Telefono: 665566644<\/li><li>Indirizzo e-mail: info@inmobiliariaibiza.eu<\/li><li>CODICE FISCALE: Y3446514R<\/li><\/ul><p>Per ulteriori informazioni, chiama il numero di telefono sopra indicato o invia un&#8217;e-mail a info@inmobiliariaibiza.eu.<\/p><h2>TERMINI E CONDIZIONI DI UTILIZZO DEL SITO WEB<\/h2><p><strong>1. Responsabilit\u00e0 dell&#8217;utente<\/strong><\/p><p>\u00c8 responsabilit\u00e0 dei visitatori, dei clienti o degli utenti di questo sito web leggere attentamente le Condizioni Generali d&#8217;Uso riportate in dettaglio. L&#8217;utilizzo o l&#8217;accesso al portale implica la conoscenza e la piena accettazione di tutte le avvertenze legali e delle condizioni stabilite. <\/p><p><strong>2. Condizioni generali di utilizzo<\/strong><\/p><p>Il nostro portale web fornisce l&#8217;accesso a una moltitudine di informazioni, servizi, programmi o dati (di seguito &#8220;il contenuto&#8221;) su Internet appartenenti a:<\/p><p>DISTRUGGERE, GRAZIELLA<\/p><p>(di seguito &#8220;La Societ\u00e0&#8221;) o i suoi licenziatari a cui il CLIENTE\/UTENTE pu\u00f2 avere accesso.<\/p><p>Il CLIENTE\/UTENTE si assume la responsabilit\u00e0 dell&#8217;utilizzo del portale. Tale responsabilit\u00e0 si estende a qualsiasi registrazione che possa essere necessaria per accedere a determinati servizi o contenuti. <\/p><p>In questa registrazione, il CLIENTE\/UTENTE del portale sar\u00e0 responsabile di fornire informazioni veritiere e lecite. A seguito di tale registrazione, il CLIENTE\/UTENTE potr\u00e0 ricevere una password di cui sar\u00e0 responsabile, impegnandosi a farne un uso diligente e riservato. <\/p><p>Il CLIENTE\/UTENTE si impegna a fare un uso appropriato dei contenuti e dei servizi (quali servizi di chat, forum di discussione o newsgroup) che la Societ\u00e0 offre attraverso il suo portale e, a titolo esemplificativo ma non esaustivo, a non utilizzarli per (i) svolgere attivit\u00e0 illecite o illegali o contrarie alla buona fede e all&#8217;ordine pubblico; (ii) diffondere contenuti o propaganda di natura razzista, xenofoba, pornografica o illegale, a sostegno del terrorismo o contro i diritti umani; (iii) causare danni ai sistemi fisici e logici della Societ\u00e0, dei suoi fornitori o di terzi, introdurre o diffondere virus informatici o qualsiasi altro sistema fisico o logico che possa causare i suddetti danni; (iv) tentare di accedere e, se del caso, utilizzare gli account di posta elettronica di altri utenti e modificare o manipolare i loro messaggi.    <\/p><p>La Societ\u00e0 si riserva il diritto di rimuovere tutti i commenti e i contributi che violino il rispetto della dignit\u00e0 della persona, che siano discriminatori, xenofobi, razzisti, pornografici, che violino la giovent\u00f9 o l&#8217;infanzia, l&#8217;ordine pubblico o la sicurezza o che, a suo parere, non siano appropriati per la pubblicazione. In ogni caso, la Societ\u00e0 non sar\u00e0 responsabile delle opinioni espresse dagli utenti attraverso forum, chat o altri strumenti di partecipazione. <\/p><p><strong>3. Diritto di esclusione<\/strong><\/p><p>La Societ\u00e0 si riserva il diritto di negare o ritirare l&#8217;accesso al portale e\/o ai servizi offerti senza preavviso, su propria richiesta o su richiesta di terzi, agli utenti che non rispettano le presenti Condizioni Generali d&#8217;Uso.<\/p><p><strong>4. Esclusione di garanzie e responsabilit\u00e0<\/strong><\/p><p>La Societ\u00e0 non sar\u00e0 responsabile, in nessun caso, per i danni di qualsiasi tipo che possono essere causati da, ma non solo: errori o omissioni nel contenuto, mancanza di disponibilit\u00e0 del portale o trasmissione di virus o programmi dannosi o nocivi nel contenuto, nonostante abbia adottato tutte le misure tecnologiche necessarie per impedirlo.<\/p><p>Allo stesso modo, non potr\u00e0 essere ritenuta responsabile della mancanza di legalit\u00e0, qualit\u00e0, affidabilit\u00e0, utilit\u00e0 e disponibilit\u00e0 dei servizi forniti da terzi e messi a disposizione degli utenti su questo sito web.<\/p><p>Infine, la Societ\u00e0 non sar\u00e0 responsabile per qualsiasi uso illegale, negligente o fraudolento o contrario alle presenti condizioni.<\/p><p><strong>5. Collegamenti<\/strong><\/p><p>Nel caso in cui il nostro sito web contenga link o collegamenti ipertestuali ad altri siti Internet, la Societ\u00e0 non eserciter\u00e0 alcun tipo di controllo su tali siti e contenuti. In nessun caso la Societ\u00e0 si assumer\u00e0 la responsabilit\u00e0 dei contenuti di qualsiasi link appartenente a un sito web esterno, n\u00e9 garantir\u00e0 la disponibilit\u00e0 tecnica, la qualit\u00e0, l&#8217;affidabilit\u00e0, l&#8217;accuratezza, la completezza, la veridicit\u00e0, la validit\u00e0 e la costituzionalit\u00e0 di qualsiasi materiale o informazione contenuta in uno di questi collegamenti ipertestuali o in altri siti Internet. Allo stesso modo, l&#8217;inclusione di questi collegamenti esterni non implica alcun tipo di associazione, fusione o partecipazione con le entit\u00e0 collegate.  <\/p><p><strong>6. Propriet\u00e0 intellettuale<\/strong><\/p><p>La Societ\u00e0 stessa o in qualit\u00e0 di cessionario, \u00e8 titolare di tutti i diritti di propriet\u00e0 intellettuale e industriale del suo sito web, nonch\u00e9 degli elementi in esso contenuti (tra cui, a titolo esemplificativo e non esaustivo, immagini, suoni, audio, video, software o testi; marchi o loghi, combinazioni di colori, struttura e design, selezione dei materiali utilizzati, programmi informatici necessari per il funzionamento, l&#8217;accesso e l&#8217;utilizzo, ecc.<\/p><p>\u00c8 espressamente vietata la riproduzione degli elementi citati nella sezione precedente e di tutti o parte dei contenuti di questo sito web, la loro distribuzione, comunicazione pubblica e trasformazione, lo sfruttamento (soprattutto commerciale o industriale), il trasferimento, l&#8217;affitto, la vendita, il prestito, le correzioni, le estrazioni e\/o il riutilizzo o l&#8217;esercizio di qualsiasi altro diritto di propriet\u00e0 intellettuale o industriale su di essi che non sia stato espressamente conferito per iscritto dalla Societ\u00e0.<\/p><p>Il CLIENTE\/UTENTE riconosce i diritti di propriet\u00e0 intellettuale e industriale della Societ\u00e0 Il CLIENTE\/UTENTE si impegna a rispettare i diritti di propriet\u00e0 intellettuale e industriale della Societ\u00e0. Il cliente\/utente pu\u00f2 visualizzare gli elementi del portale e anche stamparli, copiarli e memorizzarli sul disco rigido del proprio computer o su qualsiasi altro supporto fisico, a condizione che ci\u00f2 avvenga solo ed esclusivamente per uso personale e privato. Il CLIENTE\/UTENTE deve astenersi dal cancellare, alterare, eludere o manipolare qualsiasi dispositivo di protezione o sistema di sicurezza installato sulle pagine della Societ\u00e0.  <\/p><p>Il CLIENTE\/UTENTE non pu\u00f2 utilizzare in alcun modo i marchi, i loghi, i nomi commerciali, i domini internet e qualsiasi altro segno distintivo della Societ\u00e0 senza il previo consenso scritto della Societ\u00e0.<\/p><p><strong>7. Protezione dei dati<\/strong><\/p><p>Si applicano le disposizioni della sezione corrispondente delle presenti condizioni e l&#8217;Informativa sulla privacy, disponibile sul sito web.<\/p>\t\t\t\t\t\t\t\t<\/div>\n\t\t\t\t\t<\/div>\n\t\t\t\t<\/div>\n\t\t\t\t<\/div>\n\t\t","protected":false},"excerpt":{"rendered":"<p>In conformit\u00e0 con le disposizioni dell&#8217;art. 10 della Legge 34\/2002, dell&#8217;11 luglio, sui Servizi della Societ\u00e0 dell&#8217;Informazione e del Commercio Elettronico (LSSI-CE), ti informiamo che i dati del proprietario di questo sito web e del responsabile del servizio fornito attraverso lo stesso sono: Nome dell&#8217;azienda: DESTRO, GRAZIELLA Indirizzo: Calle Arag\u00f3, 23 IBIZA Telefono: 665566644 Indirizzo [&hellip;]<\/p>\n","protected":false},"author":1,"featured_media":0,"parent":0,"menu_order":0,"comment_status":"closed","ping_status":"closed","template":"","meta":{"footnotes":""},"class_list":["post-2188","page","type-page","status-publish","hentry"],"_links":{"self":[{"href":"https:\/\/inmobiliaria-ibiza.com\/it\/wp-json\/wp\/v2\/pages\/2188","targetHints":{"allow":["GET"]}}],"collection":[{"href":"https:\/\/inmobiliaria-ibiza.com\/it\/wp-json\/wp\/v2\/pages"}],"about":[{"href":"https:\/\/inmobiliaria-ibiza.com\/it\/wp-json\/wp\/v2\/types\/page"}],"author":[{"embeddable":true,"href":"https:\/\/inmobiliaria-ibiza.com\/it\/wp-json\/wp\/v2\/users\/1"}],"replies":[{"embeddable":true,"href":"https:\/\/inmobiliaria-ibiza.com\/it\/wp-json\/wp\/v2\/comments?post=2188"}],"version-history":[{"count":0,"href":"https:\/\/inmobiliaria-ibiza.com\/it\/wp-json\/wp\/v2\/pages\/2188\/revisions"}],"wp:attachment":[{"href":"https:\/\/inmobiliaria-ibiza.com\/it\/wp-json\/wp\/v2\/media?parent=2188"}],"curies":[{"name":"wp","href":"https:\/\/api.w.org\/{rel}","templated":true}]}}