{"id":7722,"date":"2025-02-06T12:38:14","date_gmt":"2025-02-06T11:38:14","guid":{"rendered":"https:\/\/inmobiliaria-ibiza.com\/dovere-di-informazione-sul-web-candidature-ricevute-pubblicita\/"},"modified":"2025-05-15T10:21:54","modified_gmt":"2025-05-15T08:21:54","slug":"dovere-di-informazione-sul-web-candidature-ricevute-pubblicita","status":"publish","type":"page","link":"https:\/\/inmobiliaria-ibiza.com\/it\/dovere-di-informazione-sul-web-candidature-ricevute-pubblicita\/","title":{"rendered":"Dovere di informazione sul web: candidature ricevute + pubblicit\u00e0."},"content":{"rendered":"\t\t<div data-elementor-type=\"wp-page\" data-elementor-id=\"7722\" class=\"elementor elementor-7722 elementor-2435\" data-elementor-post-type=\"page\">\n\t\t\t\t<div class=\"elementor-element elementor-element-42ec80c e-flex e-con-boxed e-con e-parent\" data-id=\"42ec80c\" data-element_type=\"container\" data-e-type=\"container\" data-settings=\"{&quot;background_background&quot;:&quot;classic&quot;}\">\n\t\t\t\t\t<div class=\"e-con-inner\">\n\t\t\t\t<div class=\"elementor-element elementor-element-ee6b490 elementor-invisible elementor-widget elementor-widget-heading\" data-id=\"ee6b490\" data-element_type=\"widget\" data-e-type=\"widget\" data-settings=\"{&quot;_animation&quot;:&quot;fadeInUp&quot;}\" data-widget_type=\"heading.default\">\n\t\t\t\t\t<h1 class=\"elementor-heading-title elementor-size-default\">Dovere di informazione sul web: candidature ricevute + pubblicit\u00e0.<\/h1>\t\t\t\t<\/div>\n\t\t\t\t\t<\/div>\n\t\t\t\t<\/div>\n\t\t<div class=\"elementor-element elementor-element-2df3dd1 e-flex e-con-boxed e-con e-parent\" data-id=\"2df3dd1\" data-element_type=\"container\" data-e-type=\"container\">\n\t\t\t\t\t<div class=\"e-con-inner\">\n\t\t\t\t<div class=\"elementor-element elementor-element-098284d elementor-widget elementor-widget-text-editor\" data-id=\"098284d\" data-element_type=\"widget\" data-e-type=\"widget\" data-widget_type=\"text-editor.default\">\n\t\t\t\t\t\t\t\t\t<p><strong>L&#8217;identit\u00e0 del responsabile del trattamento dei tuoi dati personali \u00e8:  <\/strong><\/p><p>DESTRO, GRAZIELLA, con NIF Y3446514R, indirizzo Calle Arag\u00f3, 23 IBIZA e email info@inmobiliariaibiza.eu .<\/p><p><strong>Trattiamo i tuoi dati registrati per le seguenti finalit\u00e0:<\/strong><\/p><ul><li>Gestione delle richieste di informazioni ricevute dall&#8217;interessato sui nostri prodotti o servizi e realizzazione di campagne pubblicitarie.<\/li><\/ul><p><strong>La legittimazione al trattamento dei tuoi dati \u00e8:<\/strong><\/p><ul><li>Il legittimo interesse del titolare del trattamento a rispondere alla tua richiesta.<\/li><li>Il tuo consenso esplicito all&#8217;invio di pubblicit\u00e0 per i nostri servizi e\/o prodotti<em>(soggetto al tuo consenso esplicito di seguito<\/em>).<\/li><\/ul><p><strong>Quali diritti puoi esercitare quando ci fornisci i tuoi dati?  <\/strong><\/p><ul><li>Puoi esercitare i diritti di accesso, rettifica, cancellazione, portabilit\u00e0, limitazione, opposizione al trattamento e opposizione al processo decisionale automatizzato, nonch\u00e9 presentare reclami all&#8217;autorit\u00e0 di controllo.<\/li><\/ul><p>Puoi consultare tutte le informazioni dettagliate nella nostra <a href=\"https:\/\/inmobiliaria-ibiza.com\/it\/informativa-sulla-privacy\/\">informativa sulla privacy<\/a> o inviando un&#8217;e-mail all&#8217;indirizzo sopra indicato.<\/p><p>*Acconsento all&#8217;invio di campagne pubblicitarie sui propri servizi e\/o prodotti da parte del responsabile.<\/p><p>* <em>Non \u00e8 obbligatorio presentare la domanda<\/em><\/p>\t\t\t\t\t\t\t\t<\/div>\n\t\t\t\t\t<\/div>\n\t\t\t\t<\/div>\n\t\t\t\t<\/div>\n\t\t","protected":false},"excerpt":{"rendered":"<p>L&#8217;identit\u00e0 del responsabile del trattamento dei tuoi dati personali \u00e8: DESTRO, GRAZIELLA, con NIF Y3446514R, indirizzo Calle Arag\u00f3, 23 IBIZA e email info@inmobiliariaibiza.eu . Trattiamo i tuoi dati registrati per le seguenti finalit\u00e0: Gestione delle richieste di informazioni ricevute dall&#8217;interessato sui nostri prodotti o servizi e realizzazione di campagne pubblicitarie. La legittimazione al trattamento dei [&hellip;]<\/p>\n","protected":false},"author":1,"featured_media":0,"parent":0,"menu_order":0,"comment_status":"closed","ping_status":"closed","template":"","meta":{"footnotes":""},"class_list":["post-7722","page","type-page","status-publish","hentry"],"_links":{"self":[{"href":"https:\/\/inmobiliaria-ibiza.com\/it\/wp-json\/wp\/v2\/pages\/7722","targetHints":{"allow":["GET"]}}],"collection":[{"href":"https:\/\/inmobiliaria-ibiza.com\/it\/wp-json\/wp\/v2\/pages"}],"about":[{"href":"https:\/\/inmobiliaria-ibiza.com\/it\/wp-json\/wp\/v2\/types\/page"}],"author":[{"embeddable":true,"href":"https:\/\/inmobiliaria-ibiza.com\/it\/wp-json\/wp\/v2\/users\/1"}],"replies":[{"embeddable":true,"href":"https:\/\/inmobiliaria-ibiza.com\/it\/wp-json\/wp\/v2\/comments?post=7722"}],"version-history":[{"count":0,"href":"https:\/\/inmobiliaria-ibiza.com\/it\/wp-json\/wp\/v2\/pages\/7722\/revisions"}],"wp:attachment":[{"href":"https:\/\/inmobiliaria-ibiza.com\/it\/wp-json\/wp\/v2\/media?parent=7722"}],"curies":[{"name":"wp","href":"https:\/\/api.w.org\/{rel}","templated":true}]}}